{"id":1969,"date":"2021-02-22T21:20:19","date_gmt":"2021-02-22T20:20:19","guid":{"rendered":"http:\/\/www.pg-x.org\/wordpress\/?page_id=1969"},"modified":"2026-03-10T11:54:31","modified_gmt":"2026-03-10T10:54:31","slug":"testa-e-croce","status":"publish","type":"page","link":"https:\/\/www.pg-x.org\/wordpress\/?page_id=1969","title":{"rendered":"Testa e Croce"},"content":{"rendered":"\n<div class=\"wp-block-image is-style-default\"><figure class=\"aligncenter size-large\"><img loading=\"lazy\" width=\"600\" height=\"201\" src=\"http:\/\/www.pg-x.org\/wordpress\/wp-content\/uploads\/2021\/02\/bannertesta1.jpg\" alt=\"\" class=\"wp-image-1971\" srcset=\"https:\/\/www.pg-x.org\/wordpress\/wp-content\/uploads\/2021\/02\/bannertesta1.jpg 600w, https:\/\/www.pg-x.org\/wordpress\/wp-content\/uploads\/2021\/02\/bannertesta1-300x101.jpg 300w\" sizes=\"(max-width: 600px) 100vw, 600px\" \/><\/figure><\/div>\n\n\n\n<div class=\"wp-block-image\"><figure class=\"aligncenter size-full is-resized\"><a href=\"http:\/\/www.pg-x.org\/wordpress\/wp-content\/uploads\/2021\/02\/linea.jpg\"><img loading=\"lazy\" src=\"http:\/\/www.pg-x.org\/wordpress\/wp-content\/uploads\/2021\/02\/linea.jpg\" alt=\"\" class=\"wp-image-2023\" width=\"230\" height=\"55\" srcset=\"https:\/\/www.pg-x.org\/wordpress\/wp-content\/uploads\/2021\/02\/linea.jpg 641w, https:\/\/www.pg-x.org\/wordpress\/wp-content\/uploads\/2021\/02\/linea-300x72.jpg 300w\" sizes=\"(max-width: 230px) 100vw, 230px\" \/><\/a><\/figure><\/div>\n\n\n\n<figure class=\"wp-block-image size-large\"><a href=\"http:\/\/www.pg-x.org\/wordpress\/wp-content\/uploads\/2021\/09\/Progetti-PGX-2021_22.pdf\" target=\"_blank\" rel=\"noopener\"><img loading=\"lazy\" width=\"1024\" height=\"190\" src=\"http:\/\/www.pg-x.org\/wordpress\/wp-content\/uploads\/2021\/09\/progetti-e-proposte-1024x190.jpg\" alt=\"\" class=\"wp-image-2357\" srcset=\"https:\/\/www.pg-x.org\/wordpress\/wp-content\/uploads\/2021\/09\/progetti-e-proposte-1024x190.jpg 1024w, https:\/\/www.pg-x.org\/wordpress\/wp-content\/uploads\/2021\/09\/progetti-e-proposte-300x56.jpg 300w, https:\/\/www.pg-x.org\/wordpress\/wp-content\/uploads\/2021\/09\/progetti-e-proposte-768x143.jpg 768w, https:\/\/www.pg-x.org\/wordpress\/wp-content\/uploads\/2021\/09\/progetti-e-proposte-800x149.jpg 800w, https:\/\/www.pg-x.org\/wordpress\/wp-content\/uploads\/2021\/09\/progetti-e-proposte.jpg 1108w\" sizes=\"(max-width: 1024px) 100vw, 1024px\" \/><\/a><\/figure>\n\n\n\n<div class=\"wp-block-image\"><figure class=\"aligncenter size-full is-resized\"><a href=\"http:\/\/www.pg-x.org\/wordpress\/wp-content\/uploads\/2021\/02\/linea.jpg\"><img loading=\"lazy\" src=\"http:\/\/www.pg-x.org\/wordpress\/wp-content\/uploads\/2021\/02\/linea.jpg\" alt=\"\" class=\"wp-image-2023\" width=\"230\" height=\"55\" srcset=\"https:\/\/www.pg-x.org\/wordpress\/wp-content\/uploads\/2021\/02\/linea.jpg 641w, https:\/\/www.pg-x.org\/wordpress\/wp-content\/uploads\/2021\/02\/linea-300x72.jpg 300w\" sizes=\"(max-width: 230px) 100vw, 230px\" \/><\/a><\/figure><\/div>\n\n\n\n<p>TESTA e CROCE \u00e8 nata nel 2001 come progetto diocesano di Pastorale Giovanile per il coordinamento delle attivit\u00e0 espressive e formative in diocesi e si \u00e8 costituita definitivamente come Associazione di Promozione Sociale nell&#8217;ottobre 2003.<\/p>\n\n\n\n<p><strong>IL NOME DELL\u2019ASSOCIAZIONE<\/strong><br \/><strong>\u201cTesta e croce\u201d<\/strong> perch\u00e9 si prefigge di valorizzare entrambi \u201ci lati della medaglia\u201d, perch\u00e9 desidera fare le cose con la testa, non rifuggendo la croce. La Testa rappresenta l\u2019esperienza umana e la Croce \u00e8 segno della rivelazione di un Dio,  che si fa uomo per salvarci.<\/p>\n\n\n\n<p><strong>COSA SI PROPONE<\/strong><br \/>\u2022 Promuovere i rapporti di collaborazione con enti pubblici, scuole ed altre agenzie educative;<br \/>\u2022 Promuovere ed organizzare corsi, convegni, conferenze, seminari etc\u2026 volti alla diffusione delle forme espressive-artistiche quali mezzi educativi;<br \/>\u2022 Stabilire rapporti di collaborazione con altre associazioni o enti che perseguono gli stessi fini;<br \/>\u2022 Favorire ed organizzare la partecipazione a bandi pubblici alfine di ottenere finanziamenti per lo svolgimento delle attivit\u00e0 parrocchiali.<br \/>\u2022 Curare iniziative atte alla prevenzione ed al superamento delle situazioni di disagio sociale;<br \/>\u2022 Promuovere attivit\u00e0 ludiche, sportive, teatrali,musicali e di altre forme espressive proprie dei moderni mezzi di comunicazione;<br \/>\u2022 Realizzare esperienze di animazione culturale, favorendone l\u2019accostamento dei giovani;<br \/>\u2022 Gestire attrezzature per la realizzazione di attivit\u00e0 espressive, da utilizzare direttamente e da mettere a disposizione dei gruppi e di realt\u00e0 ecclesiali ed agenzie educative.<\/p>\n\n\n\n<div class=\"wp-block-image\"><figure class=\"aligncenter size-full is-resized\"><a href=\"http:\/\/www.pg-x.org\/wordpress\/wp-content\/uploads\/2021\/02\/linea.jpg\"><img loading=\"lazy\" src=\"http:\/\/www.pg-x.org\/wordpress\/wp-content\/uploads\/2021\/02\/linea.jpg\" alt=\"\" class=\"wp-image-2023\" width=\"230\" height=\"55\" srcset=\"https:\/\/www.pg-x.org\/wordpress\/wp-content\/uploads\/2021\/02\/linea.jpg 641w, https:\/\/www.pg-x.org\/wordpress\/wp-content\/uploads\/2021\/02\/linea-300x72.jpg 300w\" sizes=\"(max-width: 230px) 100vw, 230px\" \/><\/a><\/figure><\/div>\n\n\n\n<p class=\"has-text-align-center\"><strong>Contributi ricevuti da Enti pubblici nell\u2019anno <\/strong>2025<br \/><strong>a favore dell\u2019APS Testa e Croce per la realizzazione dei progetti.<\/strong><\/p>\n\n\n\n<div class=\"wp-block-columns\">\n<div class=\"wp-block-column\" style=\"flex-basis:100%\">\n<div class=\"wp-block-group\"><div class=\"wp-block-group__inner-container\">\n<div class=\"wp-block-group\"><div class=\"wp-block-group__inner-container\">\n<figure class=\"wp-block-table is-style-stripes\"><table><tbody><tr><td class=\"has-text-align-center\" data-align=\"center\"><strong>ENTE EROGATORE<\/strong><\/td><td><strong>IMPORTO<\/strong><\/td><\/tr><tr><td class=\"has-text-align-center\" data-align=\"center\">UNIONE dei COMUNI VALLE SAVIO<\/td><td>\u20ac  22.500<\/td><\/tr><tr><td class=\"has-text-align-center\" data-align=\"center\">COMUNE DI CESENA<\/td><td>\u20ac 2.100<\/td><\/tr><tr><td class=\"has-text-align-center\" data-align=\"center\">REGIONE EMILIA-ROMAGNA<\/td><td>\u20ac 0<\/td><\/tr><\/tbody><\/table><\/figure>\n<\/div><\/div>\n<\/div><\/div>\n<\/div>\n<\/div>\n\n\n\n<p class=\"has-text-align-center\">Per ulteriori informazioni, consultare a questo link il <br \/><strong>BILANCIO di RESPONSABILITA&#8217; SOCIALE 2025<\/strong><\/p>\n","protected":false},"excerpt":{"rendered":"<p>TESTA e CROCE \u00e8 nata nel 2001 come progetto diocesano di Pastorale Giovanile per il coordinamento delle attivit\u00e0 espressive e formative in diocesi e si \u00e8 costituita definitivamente come Associazione di Promozione Sociale nell&#8217;ottobre 2003. IL NOME DELL\u2019ASSOCIAZIONE\u201cTesta e croce\u201d perch\u00e9 si prefigge di valorizzare entrambi \u201ci lati della medaglia\u201d, perch\u00e9 desidera fare le cose con la testa, non rifuggendo la croce. La Testa rappresenta &hellip; <a href=\"https:\/\/www.pg-x.org\/wordpress\/?page_id=1969\" class=\"more-link\">Continue reading <span class=\"screen-reader-text\">Testa e Croce<\/span> <span class=\"meta-nav\">&raquo;<\/span><\/a><\/p>\n","protected":false},"author":1,"featured_media":0,"parent":0,"menu_order":0,"comment_status":"closed","ping_status":"closed","template":"","meta":[],"_links":{"self":[{"href":"https:\/\/www.pg-x.org\/wordpress\/index.php?rest_route=\/wp\/v2\/pages\/1969"}],"collection":[{"href":"https:\/\/www.pg-x.org\/wordpress\/index.php?rest_route=\/wp\/v2\/pages"}],"about":[{"href":"https:\/\/www.pg-x.org\/wordpress\/index.php?rest_route=\/wp\/v2\/types\/page"}],"author":[{"embeddable":true,"href":"https:\/\/www.pg-x.org\/wordpress\/index.php?rest_route=\/wp\/v2\/users\/1"}],"replies":[{"embeddable":true,"href":"https:\/\/www.pg-x.org\/wordpress\/index.php?rest_route=%2Fwp%2Fv2%2Fcomments&post=1969"}],"version-history":[{"count":21,"href":"https:\/\/www.pg-x.org\/wordpress\/index.php?rest_route=\/wp\/v2\/pages\/1969\/revisions"}],"predecessor-version":[{"id":2500,"href":"https:\/\/www.pg-x.org\/wordpress\/index.php?rest_route=\/wp\/v2\/pages\/1969\/revisions\/2500"}],"wp:attachment":[{"href":"https:\/\/www.pg-x.org\/wordpress\/index.php?rest_route=%2Fwp%2Fv2%2Fmedia&parent=1969"}],"curies":[{"name":"wp","href":"https:\/\/api.w.org\/{rel}","templated":true}]}}