{"id":875,"date":"2015-06-17T14:02:55","date_gmt":"2015-06-17T12:02:55","guid":{"rendered":"http:\/\/www.pg-x.org\/wordpress\/?page_id=875"},"modified":"2015-06-17T14:02:55","modified_gmt":"2015-06-17T12:02:55","slug":"privacy-e-cookies","status":"publish","type":"page","link":"http:\/\/www.pg-x.org\/wordpress\/?page_id=875","title":{"rendered":"Privacy e Cookies"},"content":{"rendered":"<h1>Note legali<\/h1>\n<h3><strong>Termini e condizioni per l\u2019accesso al Sito Ufficio di Pastorale Giovanile &#8211; Diocesi di Cesena-Sarsina<br \/>\n<\/strong><\/h3>\n<p>Il presente sito web (il \u201cSito\u201d) \u00e8 di titolarit\u00e0 ed \u00e8 gestito da Ufficio di Pastorale Giovanile &#8211; Cesena.<\/p>\n<p>Le informazioni contenute nel Sito sono relative ai prodotti realizzati e commercializzati da Ufficio di Pastorale Giovanile e sono quanto pi\u00f9 esaurienti e pertinenti possibili. Tuttavia, Ufficio di Pastorale Giovanile si riserva il diritto di apportare in qualsiasi momento, e a propria totale discrezione, variazioni in relazione a prezzi, colori, materiali, equipaggiamenti, specifiche, modelli e disponibilit\u00e0 di tali prodotti.<\/p>\n<p>Alcuni link che compaiono nel Sito potrebbero rimandare a siti di titolarit\u00e0 e gestiti da terzi. Per le informazioni presentate in tali siti Ufficio di Pastorale Giovanile esclude qualsiasi responsabilit\u00e0 che, in via esclusiva, spetta ai titolari dei siti in questione. Ufficio di Pastorale Giovanile non ha alcun controllo e\/o responsabilit\u00e0 sul contenuto dei siti Web indipendenti sui quali non ha alcuna titolarit\u00e0 e fornisce detti link ai rispettivi visitatori unicamente per offrire loro un servizio pi\u00f9 comodo.<\/p>\n<p><strong>Propriet\u00e0 intellettuale<\/strong><\/p>\n<p>Tutti i contenuti e\/o materiali presenti nel Sito sono propriet\u00e0 intellettuale esclusiva di Ufficio di Pastorale Giovanile. Tali contenuti e\/o materiali non possono essere copiati e\/o riprodotti con qualsivoglia modalit\u00e0 salvo ed entro i limiti di quanto necessario per la loro visualizzazione on-line. Tuttavia, \u00e8 possibile stampare, anche su supporto fisico, le pagine del Sito, per intero, per uso personale a fronte delle seguenti condizioni:<\/p>\n<p>(a) che non venga apportata alcuna modifica ai documenti e\/o o ai grafici correlati, presenti nel Sito;<\/p>\n<p>(b) che non vengano impiegati i grafici sul Sito separatamente dal testo corrispondente;<\/p>\n<p>(c) che il copyright e il marchio commerciale di Ufficio di Pastorale Giovanile, e\/o le altre note, compaiano su tutte le copie. Fatto salvo quanto sopra riportato, saltuariamente Ufficio di Pastorale Giovanile potr\u00e0 consentirvi, previa vostra richiesta scritta, di scaricare dal Sito wallpaper, screensaver e altre utility. Tali download sono in ogni caso soggetti alle condizioni di cui sopra.<\/p>\n<p>\u00c8 severamente proibito qualsiasi utilizzo, per qualsivoglia finalit\u00e0, di parti estratte dal Sito, se non in conformit\u00e0 con le predette condizioni. I materiali e\/o i contenuti del Sito sono stati attentamente vagliati e testati in tutte le fasi di produzione. Tuttavia, Ufficio di Pastorale Giovanile raccomanda comunque di impiegare un software antivirus aggiornato. Ufficio di Pastorale Giovanile si riserva il diritto di perseguire avanti le competenti Autorit\u00e0 Giudiziarie ogni eventuale violazione delle disposizioni del presente paragrafo 1.<\/p>\n<p><strong>Link al sito Web<\/strong><\/p>\n<p>Se intendete mettere a disposizione un link al Sito, dovete ottenere la preventiva approvazione scritta di Ufficio di Pastorale Giovanile. Il link deve in ogni caso ricondurre alla homepage di Ufficio di Pastorale Giovanile.<\/p>\n<p><strong>Accesso ai servizi<\/strong><\/p>\n<p>Sebbene Ufficio di Pastorale Giovanile faccia del suo meglio per garantire che il Sito sia disponibile ogni giorno 24 ore su 24, la stessa non sar\u00e0 in ogni caso responsabile se, per qualsivoglia ragione, il Sito non fosse disponibile in un dato momento e\/o per un determinato periodo di tempo. L\u2019accesso al Sito potr\u00e0 essere temporaneamente sospeso, senza preavviso, nel caso di un guasto al sistema, per attivit\u00e0 di manutenzione o riparazione, o per ragioni al di l\u00e0 del ragionevole controllo di Ufficio di Pastorale Giovanile.<\/p>\n<p><strong>Protezione dei dati<\/strong><\/p>\n<p>Raccoglieremo e tratteremo i suoi dati personali, dopo la sua registrazione nei nostri form on line, in relazione alla finalit\u00e0 per la quale si \u00e8 iscritto (richiesta di informazioni, servizi, ricevimento di materiale promozionale ecc.). Se lei ci contatta potremmo tenere traccia della corrispondenza avvenuta.<\/p>\n<p>Potremmo inoltre invitarla a compilare dei questionari on line che utilizzeremo per ricerche di mercato. Ufficio di Pastorale Giovanile rispetta la riservatezza dei dati personali di chi visita il Sito, conformemente alle disposizioni normative di cui al Decreto Legislativo 30 giugno 2003, n. 196 (vedi informativa sulla privacy).<\/p>\n<p><strong>Materiale e condotta dei visitatori<\/strong><\/p>\n<p>A parte i dati personali, che verranno gestiti secondo le Leggi che regolano la normativa sulla Privacy &amp; sui Cookies, i contenuti e \/o i materiali scambiati, e\/o trasmessi e\/o postati sul Sito saranno considerati non riservati e non di propriet\u00e0 di Ufficio di Pastorale Giovanile la quale, pertanto, non avr\u00e0 alcun obbligo e\/o responsabilit\u00e0 in riferimento a tali contenuti e\/o materiali. Ufficio di Pastorale Giovanile e i soggetti dalla stessa designati potranno liberamente copiare, divulgare, distribuire, inserire, e altrimenti impiegare questi contenuti e\/o materiali e\/o dati e\/o immagini e\/o suoni e\/o testi e\/o altri elementi in esso contenuti per qualsivoglia finalit\u00e0.<br \/>\n\u00c8 severamente vietato ai visitatori postare sul e\/o scambiare sul e\/o trasmettere al Sito, o dal Sito qualsivoglia materiale:<\/p>\n<p>(a) che sia minaccioso, diffamatorio, osceno, indecente, sedizioso, offensivo, pornografico, abusivo, anti-razziale, discriminatorio, minatorio, scandaloso, istigante, blasfemo, che violi la riservatezza e la privacy, o che possa creare disturbi o disagi; ovvero<\/p>\n<p>(b) in relazione al quale non abbiate ottenuto tutte le licenze e\/o le autorizzazioni necessarie; ovvero<\/p>\n<p>(c) che costituisca o istighi a una condotta considerata un reato, che generi una responsabilit\u00e0 civile, che altrimenti sia contrario alla legge, o che violi i diritti di terzi, in qualsiasi paese del mondo, ovvero<\/p>\n<p>(d) che sia tecnicamente dannoso (compresi, a mero titolo esemplificativo e non esaustivo, virus informatici, bombe logiche, \u201cTrojan horse\u201d, worm, componenti nocivi, dati alterati o altri software maligni o dati dannosi).<\/p>\n<p>Non dovrete in alcun modo usare impropriamente il Sito, tra l\u2019altro, a mero titolo esemplificativo e non esaustivo, portando avanti azioni di hackeraggio.<\/p>\n<p>Ufficio di Pastorale Giovanile collaborer\u00e0 appieno con le Autorit\u00e0 Giudiziarie che dovessero richiedere e\/o ordinare ad Ufficio di Pastorale Giovanile di rendere nota l\u2019identit\u00e0 e\/ o di localizzare chiunque posti del materiale che viola il presente paragrafo e\/o pertinente normativa vigente, fermo restando il diritto di Ufficio di Pastorale Giovanile di agire per il risarcimento del danno.<\/p>\n<p><strong>Accuratezza delle informazioni<\/strong><\/p>\n<p>Ufficio di Pastorale Giovanile far\u00e0 del suo meglio per assicurare che il contenuto e i materiali del presente Sito siano accurati ed aggiornati. Tuttavia, non \u00e8 da escludere che i prodotti riportati sul Sito potrebbero presentare delle differenze rispetto alla specifica pi\u00f9 recente. Alcuni degli equipaggiamenti descritti \/o riportati potrebbero essere disponibili solo in alcuni paesi e\/o solo a fronte di costi extra. Si consiglia ai clienti di controllare le specifiche effettive dei prodotti e\/o qualsivoglia caratteristica dei veicoli specificamente richiesta presso il proprio concessionario Ufficio di Pastorale Giovanile al momento dell\u2019ordine. Ufficio di Pastorale Giovanile si riserva il diritto di modificare le specifiche dei prodotti in qualsiasi momento senza alcuna responsabilit\u00e0 a suo carico.<\/p>\n<p><strong>Responsabilit\u00e0<\/strong><\/p>\n<p>Ufficio di Pastorale Giovanile e i rispettivi direttori, amministratori, dipendenti, collaboratori e\/o agenti escludono qualsivoglia responsabilit\u00e0 per qualsiasi eventuale pregiudizio e\/o danno, di qualsiasi natura, che potrebbe verificarsi a vostro carico e\/o a carico di terzi (tra cui, a mero titolo esemplificativo e non esaustivo, danni diretti indiretti, punitivi, ovvero lucro cessante, perdita di utili, avviamento, dati, contratti, ovvero perdita o danni) derivanti e\/o correlati in qualsiasi modo ad un\u2019interruzione delle attivit\u00e0, e nel caso di un illecito (compresi, a mero titolo esemplificativo e non esaustivo, negligenza, contratto o altrimenti), dal Sito, ovvero dall\u2019utilizzo e\/o dall\u2019incapacit\u00e0 di utilizzo del Sito, ovvero a seguito dell\u2019utilizzo del Sito, di qualsivoglia sito Web correlato al Sito e\/o del materiale ivi contenuto, tra cui, a mero titolo esemplificativo e non esaustivo, perdite e\/o danni prodotti da virus che potrebbero infettare il vostro computer e relativa attrezzatura, software, dati, e\/o altro bene dopo l\u2019accesso al Sito, utilizzo e\/o navigazione, e\/o dopo aver scaricato del materiale dal Sito e\/o da siti collegati. Nessuna disposizione di cui alle presenti condizioni escluder\u00e0 e\/o limiter\u00e0 la responsabilit\u00e0 di Ufficio di Pastorale Giovanile per:<\/p>\n<p>(a) il decesso e\/o una lesione personale provocati da negligenza di Ufficio di Pastorale Giovanile;<\/p>\n<p>(b) un illecito e\/o una falsa dichiarazione fraudolenta;<\/p>\n<p>(c) qualsivoglia responsabilit\u00e0 che non pu\u00f2 essere esclusa e\/o limitata ai sensi delle Leggi applicabili.<\/p>\n<p><strong>Legge applicabile e giurisdizione<\/strong><\/p>\n<p>Per qualsivoglia controversia che dovesse insorgere, in relazione al presente sito, sar\u00e0 competente in via esclusiva il Foro di Forl\u00ec e si applicher\u00e0 la Legge Italiana.<\/p>\n<p>&nbsp;<\/p>\n<hr \/>\n<p>&nbsp;<\/p>\n<h1>Privacy<\/h1>\n<h3>Informativa in base all\u2019art. 13 del D.LGS 30 giugno 2003 n. 196<\/h3>\n<p>Ai sensi e per gli effetti di cui all\u2019art. 13 del D.Lgs. del 30 Giugno 2003 n. 196, \u201ccodice in materia di protezione dei dati personali\u201d, si precisa quanto segue.<\/p>\n<ol>\n<li>I dati forniti dal cliente, inclusa la posta elettronica, verranno trattati, comunicati e diffusi, anche con l\u2019ausilio di mezzi elettronici o comunque automatizzati, direttamente da Ufficio di Pastorale Giovanile e\/o tramite soggetti da questa designati o incaricati e\/o da societ\u00e0 terze, appartenenti o meno al medesimo Gruppo, e\/o Concessionari e Riparatori della Rete Ufficio di Pastorale Giovanile, per le finalit\u00e0 connesse all\u2019 utilizzo del Sito, per finalit\u00e0 statistiche, per l\u2019invio di materiale pubblicitario e di commercializzazione dei prodotti e servizi di Ufficio di Pastorale Giovanile e\/o di societ\u00e0 collegate.<\/li>\n<li>Il conferimento dei dati attraverso la compilazione del modulo di registrazione e l\u2019accettazione delle condizioni di accesso al Sito esprime il consenso del Cliente al trattamento dei propri dati personali per le finalit\u00e0<br \/>\nconnesse al predetto accesso. Tali dati sono considerati obbligatori in quanto consentono di eseguire correttamente l\u2019accesso ai servizi richiesti e l\u2019eventuale mancanza o revoca potrebbero comportare la mancata prosecuzione del rapporto.<\/li>\n<li>L\u2019utilizzo dei dati a fini commerciali (invio di materiale pubblicitario, promozionale ecc.) \u00e8 invece soggetto ad un espresso consenso, avente natura facoltativa, da parte del Cliente e l\u2019eventuale mancanza non avr\u00e0<br \/>\nalcuna conseguenza rispetto alle modalit\u00e0 di accesso ai servizi che rientrano nel Sito. Ogni volta che Ufficio di Pastorale Giovanile intenda raccogliere i tuoi dati a tali fini, verr\u00e0 richiesto al Cliente di prestare o non prestare il relativo consenso al<br \/>\ntrattamento.<\/li>\n<li>I dati suddetti, nonch\u00e9 quelli elaborati dalle parti, non saranno oggetto di comunicazione e diffusione fuori dei casi previsti dalla legge e il trattamento sar\u00e0 improntato ai principi di correttezza, liceit\u00e0 e trasparenza a tutela della riservatezza e dei diritti del Cliente.<\/li>\n<li>Ufficio di Pastorale Giovanile, \u00e8 titolare, ai sensi del D.Lgs 196\/03, del trattamento dei dati personali, nella persona del Legale Rappresentante Pro tempore ed \u00e8, pertanto, obbligata a tutti gli adempimenti dalla stessa legge previsti.<\/li>\n<\/ol>\n<p>In ogni momento il Cliente potr\u00e0 esercitare i suoi diritti nei confronti del titolare del trattamento, ai sensi dell\u2019art.7 del D.lgs.196\/2003, che per chiarezza riportiamo integralmente:<\/p>\n<p>Decreto Legislativo n.196\/2003:<\/p>\n<p>Art. 7 \u2013 Diritto di accesso ai dati personali ed altri diritti<\/p>\n<ol>\n<li>L\u2019interessato ha diritto di ottenere la conferma dell\u2019esistenza o meno di dati personali che lo riguardano, anche se non ancora registrati, e la loro comunicazione in forma intelligibile.<\/li>\n<li>L\u2019interessato ha diritto di ottenere l\u2019indicazione:<\/li>\n<li>a) dell\u2019origine dei dati personali;<\/li>\n<li>b) delle finalit\u00e0 e modalit\u00e0 del trattamento;<\/li>\n<li>c) della logica applicata in caso di trattamento effettuato con l\u2019ausilio di strumenti elettronici;<\/li>\n<li>d) degli estremi identificativi del titolare, dei responsabili e del rappresentante designato ai sensi dell\u2019articolo 5, comma 2;<\/li>\n<li>e) dei soggetti o delle categorie di soggetti ai quali i dati personali possono essere comunicati o che possono venirne a conoscenza in qualit\u00e0 di rappresentante designato nel territorio dello Stato, di responsabili o incaricati.<\/li>\n<li>L\u2019interessato ha diritto di ottenere:<\/li>\n<li>a) l\u2019aggiornamento, la rettifica ovvero, quando vi ha interesse, l\u2019integrazione dei dati;<\/li>\n<li>b) la cancellazione, la trasformazione in forma anonima o il blocco dei dati trattati in violazione di legge, compresi quelli di cui non \u00e8 necessaria la conservazione in relazione agli scopi per i quali i dati sono stati raccolti o<br \/>\nsuccessivamente trattati;<\/li>\n<li>c) l\u2019attestazione che le operazioni di cui alle lettere a) e b) sono state portate a conoscenza, anche per quanto riguarda il loro contenuto, di coloro ai quali i dati sono stati comunicati o diffusi, eccettuato il caso in cui tale adempimento si rivela impossibile o comporta un impiego di mezzi manifestamente sproporzionato rispetto al diritto tutelato.<\/li>\n<li>L\u2019interessato ha diritto di opporsi, in tutto o in parte:<\/li>\n<li>a) per motivi legittimi al trattamento dei dati personali che lo riguardano, ancorch\u00e9 pertinenti allo scopo della raccolta;<\/li>\n<li>b) al trattamento di dati personali che lo riguardano a fini di invio di materiale pubblicitario o di vendita diretta o per il compimento di ricerche di mercato o di comunicazione commerciale.<\/li>\n<\/ol>\n<p>Al fine di esercitare i diritti di cui sopra (art. 7 D.Lgs 196\/2003) puoi scrivere all\u2019indirizzo mail info@scuolamaternacasefinali.it o contattarci a questi recapiti:<\/p>\n<p>Ufficio di Pastorale Giovanile \u2013 Via del Seminario 85, Cesena, FC Phone: 346 3008218 E-mail: serviziopgx@gmail.com<\/p>\n<hr \/>\n<p>&nbsp;<\/p>\n<h1>Policy sui Cookies<\/h1>\n<p>Il presente sito web (\u201cSito\u201d) \u00e8 gestito da Ufficio di Pastorale Giovanile.<\/p>\n<p>La presente Policy fornisce delle spiegazioni sui nostri cookies e sulle modalit\u00e0 di tutela della vostra Privacy durante l\u2019utilizzo del nostro Sito.<\/p>\n<h3>1. Tipologia dei dati elaborati \/ link ad altri siti web<\/h3>\n<p>Ufficio di Pastorale GiovanileUfficio di Pastorale Giovanile si impegna a rispettare la vostra \u201cPrivacy\u201d. Tramite questo Sito, Ufficio di Pastorale Giovanile raccoglie i dati personali che voi decidete di fornirci e le informazioni ottenute tramite i cookie, come meglio dettagliato nel prosieguo. Questo Sito pu\u00f2 altres\u00ec contenere dei link ad altri siti web di Ufficio di Pastorale Giovanile o a siti web di terzi, come quelli dei nostri rivenditori, riparatori autorizzati e di altre societ\u00e0 affiliate, o a siti web di social media. Cliccando sul link che rimanda a questi altri siti web di Ufficio di Pastorale Giovanile o di terzi, va tenuto presente che tali siti hanno proprie policy in materia di privacy sui dati. Si specifica che Ufficio di Pastorale Giovanile non accetter\u00e0 alcuna responsabilit\u00e0 per i siti web di terzi.<\/p>\n<h3>2. Raccolta e impiego delle informazioni<\/h3>\n<p>Se fornite a Ufficio di Pastorale Giovanile dei dati personali, memorizzeremo ed elaboreremo queste informazioni su di voi per le finalit\u00e0 di cui all\u2019informativa privacy. Inoltre, al fine di rendere maggiormente accessibili il nostro Sito agli utenti in termini di performance del sistema, usabilit\u00e0 e fornitura di informazioni utili sui nostri prodotti e servizi, memorizzeremo in automatico le informazioni su log-file presenti nel vostro computer. Tra queste rientrano l\u2019indirizzo del vostro protocollo Internet (IP), il tipo di browser e l\u2019impostazione della lingua, il sistema operativo, l\u2019internet service provider (ISP) e la data\/l\u2019ora di registrazione.<br \/>\nUtilizzeremo queste informazioni per gestire il Sito in modo efficiente, conoscere meglio i comportamenti dei nostri utenti sul Sito, analizzare i trend e raccogliere dei dati demografici sui nostri utenti nel loro complesso. Le informazioni raccolte possono essere impiegate per i nostri servizi di marketing e pubblicit\u00e0 e le nostre comunicazioni (ad esempio ai fini di un\u2019ottimizzazione e di un miglioramento dell\u2019esperienza utente, fornendo offerte e servizi speciali pi\u00f9 attraenti), in conformit\u00e0 con le leggi vigenti in materia. Laddove impiegassimo delle informazioni non personali insieme a dati personali, le informazioni in questione verranno trattate come dati personali per tutto il tempo in cui restano associate.<\/p>\n<h3>3. Utilizzo dei cookie<\/h3>\n<p>Questo Sito, i messaggi via mail, i servizi online, le pubblicit\u00e0 e le applicazioni interattive possono utilizzare dei \u201ccookie\u201d per l\u2019ottimizzazione dei nostri servizi.<\/p>\n<p>Che cos\u2019\u00e8 un \u201ccookie\u201d?<\/p>\n<p>Un \u201ccookie\u201d \u00e8 un file di piccole dimensioni, di norma costituito da lettere e numeri, che inviamo al file del browser contenente i cookie sull\u2019hard disk del vostro computer tramite il nostro web server. Esso per esempio consente al nostro Sito di riconoscere il dispositivo di un utente una volta creato un collegamento tra il web server e il browser per il web. La principale finalit\u00e0 di un cookie \u00e8 di consentire al nostro web server di presentare all\u2019utente delle pagine web su misura, che rendano l\u2019esperienza di visita al sito di Ufficio di Pastorale Giovanile pi\u00f9 personale e corrispondente alle necessit\u00e0 individuali dell\u2019utente.<\/p>\n<p>Quali sono i cookie impiegati da questo Sito?<\/p>\n<p>Su questo Sito, Ufficio di Pastorale Giovanile pu\u00f2 impiegare due tipi di cookie:<\/p>\n<ul>\n<li>cookie di sessione: si tratta di cookie temporanei memorizzati nel file del vostro browser contenente i cookie finch\u00e9 non terminate la vostra sessione del browser. Questi cookie sono obbligatori per determinate applicazioni o funzionalit\u00e0 ai fini di un corretto funzionamento di questo Sito.<\/li>\n<li>cookie persistenti: possiamo impiegare i cookie persistenti per il miglioramento dell\u2019esperienza utente (ad es. fornitura di una navigazione ottimizzata). I cookie in questione restano nel file del vostro browser contenente i cookie per un periodo di tempo pi\u00f9 lungo. La lunghezza di tale periodo dipender\u00e0 dalla vostra scelta nell\u2019ambito delle impostazioni del vostro browser per internet. I cookie persistenti consentono di trasferire le informazioni a un web server ogniqualvolta si fa visita al sito. I cookie persistenti sono anche noti col nome di tracking cookie.<\/li>\n<\/ul>\n<p>Sono presenti numerose pubblicazioni online sui cookie per saperne di pi\u00f9. Vedi per esempio: http:\/\/www.allaboutcookies.org<\/p>\n<h3>4. Cookie di terzi<\/h3>\n<p>Ufficio di Pastorale Giovanile pu\u00f2 ricorrere a inserzionisti terzi per gli annunci pubblicitari e per ottimizzare la sua comunicazione correlata al marketing. Gli inserzionisti terzi impiegano i cookies per stimare l\u2019efficacia degli annunci pubblicitari e per personalizzare il contenuto pubblicitario. Tra le informazioni raccolte dagli inserzionisti terzi, possono rientrare dati come quelli per la geolocalizzazione (ottenuti dall\u2019indirizzo IP), o recapiti come l\u2019indirizzo e-mail quando esso viene ricavato tramite il presente Sito.<\/p>\n<h3>5. Tracking e analisi<\/h3>\n<p>Ai fini di una continua ottimizzazione della comunicazione correlata al marketing, Ufficio di Pastorale Giovanile impiega il software analitico \u201cGoogle Analytics\u201d di Google Inc. Esso consente di seguire il comportamento in linea a livello di ora, ubicazione geografica e impiego del presente sito. Le informazioni in questione vengono raccolte tramite i tracking pixel e\/o i cookie. Le informazioni ottenute tramite i tracking pixel e\/o i cookie sono anonime e non verranno collegate ai dati personali. Tutte le informazioni necessarie alla presente analisi vengono memorizzate su server localizzati in Italia. Ufficio di Pastorale Giovanile non condivider\u00e0 queste informazioni con terzi per un uso indipendente.<\/p>\n<h3>6. Abilitazione e disabilitazione di cookie e tecnologie analoghe<\/h3>\n<p>In caso di accettazione dei cookies, successivamente, avrete la possibilit\u00e0 di rifiutarli, modificando le impostazioni del vostro browser per Internet. Per esempio, se utilizzate la versione di Internet Explorer 8.0, dovete fare come segue:<\/p>\n<ol>\n<li>selezionare la voce strumenti e andare in opzioni Internet<\/li>\n<li>cliccare sulla scheda Privacy<\/li>\n<li>impiegare il cursore per scegliere le impostazioni desiderate.<\/li>\n<\/ol>\n<p>Per altri browser per Internet, si faccia riferimento alle istruzioni del vostro browser per ottenere maggiori informazioni su come modificare le impostazioni del vostro browser o cancellare i cookie.<\/p>\n<p>Si prega di notare che alcune caratteristiche e la funzionalit\u00e0 completa del presente Sito non saranno disponibili una volta disabilitatati i cookies.<\/p>\n<h3>7. Variazioni alla presente Policy<\/h3>\n<p>Qualsivoglia modifica futura alla presente Policy verr\u00e0 riportata su questa pagina. Si suggerisce di controllare regolarmente la nostra Policy per verificare eventuali aggiornamenti o cambiamenti.<\/p>\n<h3>8. Per Contattarci<\/h3>\n<p>In caso di domande, commenti e richieste relativi alla presente Policy vi preghiamo di contattarci all\u2019indirizzo riportato sotto. Inoltre per saperne di pi\u00f9 sulla nostra politica in materia di privacy e trattamento dati personali vai sulla pagina privacy del Sito.<\/p>\n<p>Ufficio di Pastorale Giovanile \u2013 Via del Seminario 85, Cesena, FC Phone: 346 3008218 E-mail: serviziopgx@gmail.com<\/p>\n","protected":false},"excerpt":{"rendered":"<p>Note legali Termini e condizioni per l\u2019accesso al Sito Ufficio di Pastorale Giovanile &#8211; Diocesi di Cesena-Sarsina Il presente sito web (il \u201cSito\u201d) \u00e8 di titolarit\u00e0 ed \u00e8 gestito da Ufficio di Pastorale Giovanile &#8211; Cesena. Le informazioni contenute nel Sito sono relative ai prodotti realizzati e commercializzati da Ufficio di Pastorale Giovanile e sono quanto pi\u00f9 esaurienti e pertinenti possibili. Tuttavia, Ufficio di Pastorale &hellip; <a href=\"http:\/\/www.pg-x.org\/wordpress\/?page_id=875\" class=\"more-link\">Continue reading <span class=\"screen-reader-text\">Privacy e Cookies<\/span> <span class=\"meta-nav\">&raquo;<\/span><\/a><\/p>\n","protected":false},"author":1,"featured_media":0,"parent":0,"menu_order":0,"comment_status":"open","ping_status":"closed","template":"","meta":[],"_links":{"self":[{"href":"http:\/\/www.pg-x.org\/wordpress\/index.php?rest_route=\/wp\/v2\/pages\/875"}],"collection":[{"href":"http:\/\/www.pg-x.org\/wordpress\/index.php?rest_route=\/wp\/v2\/pages"}],"about":[{"href":"http:\/\/www.pg-x.org\/wordpress\/index.php?rest_route=\/wp\/v2\/types\/page"}],"author":[{"embeddable":true,"href":"http:\/\/www.pg-x.org\/wordpress\/index.php?rest_route=\/wp\/v2\/users\/1"}],"replies":[{"embeddable":true,"href":"http:\/\/www.pg-x.org\/wordpress\/index.php?rest_route=%2Fwp%2Fv2%2Fcomments&post=875"}],"version-history":[{"count":1,"href":"http:\/\/www.pg-x.org\/wordpress\/index.php?rest_route=\/wp\/v2\/pages\/875\/revisions"}],"predecessor-version":[{"id":876,"href":"http:\/\/www.pg-x.org\/wordpress\/index.php?rest_route=\/wp\/v2\/pages\/875\/revisions\/876"}],"wp:attachment":[{"href":"http:\/\/www.pg-x.org\/wordpress\/index.php?rest_route=%2Fwp%2Fv2%2Fmedia&parent=875"}],"curies":[{"name":"wp","href":"https:\/\/api.w.org\/{rel}","templated":true}]}}